{"id":2116,"date":"2025-03-14T15:24:40","date_gmt":"2025-03-14T15:24:40","guid":{"rendered":"https:\/\/the-swarm.eu\/?page_id=2116"},"modified":"2026-03-27T10:01:27","modified_gmt":"2026-03-27T10:01:27","slug":"contact","status":"publish","type":"page","link":"https:\/\/the-swarm.eu\/index.php\/contact\/","title":{"rendered":"Contact"},"content":{"rendered":"\t\t<div data-elementor-type=\"wp-page\" data-elementor-id=\"2116\" class=\"elementor elementor-2116\" data-elementor-post-type=\"page\">\n\t\t\t\t\t\t<section class=\"elementor-section elementor-top-section elementor-element elementor-element-3cd6376 elementor-section-height-min-height elementor-section-items-top elementor-section-boxed elementor-section-height-default wpr-particle-no wpr-jarallax-no wpr-parallax-no wpr-sticky-section-no wpr-equal-height-no\" data-id=\"3cd6376\" data-element_type=\"section\" data-e-type=\"section\" data-settings=\"{&quot;background_background&quot;:&quot;classic&quot;}\">\n\t\t\t\t\t\t\t<div class=\"elementor-background-overlay\"><\/div>\n\t\t\t\t\t\t\t<div class=\"elementor-container elementor-column-gap-no\">\n\t\t\t\t\t<div class=\"elementor-column elementor-col-100 elementor-top-column elementor-element elementor-element-466225b\" data-id=\"466225b\" data-element_type=\"column\" data-e-type=\"column\">\n\t\t\t<div class=\"elementor-widget-wrap elementor-element-populated\">\n\t\t\t\t\t\t<section class=\"elementor-section elementor-inner-section elementor-element elementor-element-b34ea94 elementor-section-full_width elementor-section-height-default elementor-section-height-default wpr-particle-no wpr-jarallax-no wpr-parallax-no wpr-sticky-section-no wpr-equal-height-no\" data-id=\"b34ea94\" data-element_type=\"section\" data-e-type=\"section\">\n\t\t\t\t\t\t<div class=\"elementor-container elementor-column-gap-no\">\n\t\t\t\t\t<div class=\"elementor-column elementor-col-100 elementor-inner-column elementor-element elementor-element-2982198\" data-id=\"2982198\" data-element_type=\"column\" data-e-type=\"column\">\n\t\t\t<div class=\"elementor-widget-wrap elementor-element-populated\">\n\t\t\t\t\t\t<div class=\"elementor-element elementor-element-e082db1 elementor-widget elementor-widget-heading\" data-id=\"e082db1\" data-element_type=\"widget\" data-e-type=\"widget\" data-widget_type=\"heading.default\">\n\t\t\t\t<div class=\"elementor-widget-container\">\n\t\t\t\t\t<h1 class=\"elementor-heading-title elementor-size-default\">Contact<\/h1>\t\t\t\t<\/div>\n\t\t\t\t<\/div>\n\t\t\t\t<div class=\"elementor-element elementor-element-2685471 elementor-widget elementor-widget-text-editor\" data-id=\"2685471\" data-element_type=\"widget\" data-e-type=\"widget\" data-widget_type=\"text-editor.default\">\n\t\t\t\t<div class=\"elementor-widget-container\">\n\t\t\t\t\t\t\t\t\t<p data-start=\"89\" data-end=\"235\">Vous souhaitez en savoir plus sur\u00a0<strong data-start=\"126\" data-end=\"175\">la RSE au sein des \u00e9tablissements h\u00f4teliers<\/strong>\u00a0et sur les <strong data-start=\"183\" data-end=\"205\">b\u00e9n\u00e9fices concrets<\/strong> que vous pouvez attendre ? Vous vous interrogez sur la mani\u00e8re dont nous pouvons vous accompagner dans la mise en \u0153uvre des certifications <strong>Ecolabel<\/strong><b>\u00a0europ\u00e9en<\/b> ou <strong data-start=\"325\" data-end=\"366\">Green Globe<\/strong>\u00a0dans votre h\u00f4tel ?\u00a0<\/p>\t\t\t\t\t\t\t\t<\/div>\n\t\t\t\t<\/div>\n\t\t\t\t\t<\/div>\n\t\t<\/div>\n\t\t\t\t\t<\/div>\n\t\t<\/section>\n\t\t\t\t\t<\/div>\n\t\t<\/div>\n\t\t\t\t\t<\/div>\n\t\t<\/section>\n\t\t<div class=\"elementor-element elementor-element-44b3180 e-flex e-con-boxed wpr-particle-no wpr-jarallax-no wpr-parallax-no wpr-sticky-section-no wpr-equal-height-no e-con e-parent\" data-id=\"44b3180\" data-element_type=\"container\" data-e-type=\"container\">\n\t\t\t\t\t<div class=\"e-con-inner\">\n\t\t<div class=\"elementor-element elementor-element-c61b074 e-con-full e-flex wpr-particle-no wpr-jarallax-no wpr-parallax-no wpr-sticky-section-no wpr-equal-height-no e-con e-child\" data-id=\"c61b074\" data-element_type=\"container\" data-e-type=\"container\">\n\t\t\t\t<div class=\"elementor-element elementor-element-59d787b elementor-widget elementor-widget-heading\" data-id=\"59d787b\" data-element_type=\"widget\" data-e-type=\"widget\" data-widget_type=\"heading.default\">\n\t\t\t\t<div class=\"elementor-widget-container\">\n\t\t\t\t\t<h2 class=\"elementor-heading-title elementor-size-default\">Nous contacter<\/h2>\t\t\t\t<\/div>\n\t\t\t\t<\/div>\n\t\t\t\t<div class=\"elementor-element elementor-element-19bb696 elementor-widget elementor-widget-text-editor\" data-id=\"19bb696\" data-element_type=\"widget\" data-e-type=\"widget\" data-widget_type=\"text-editor.default\">\n\t\t\t\t<div class=\"elementor-widget-container\">\n\t\t\t\t\t\t\t\t\t<p>\ud83d\udce9 Envoyez-nous un message via le formulaire ci-dessous et prenez rdv avec nous<\/p>\t\t\t\t\t\t\t\t<\/div>\n\t\t\t\t<\/div>\n\t\t\t\t<div class=\"elementor-element elementor-element-215a419 elementor-widget elementor-widget-text-editor\" data-id=\"215a419\" data-element_type=\"widget\" data-e-type=\"widget\" data-widget_type=\"text-editor.default\">\n\t\t\t\t<div class=\"elementor-widget-container\">\n\t\t\t\t\t\t\t\t\t<p style=\"text-align: left;\">Nous nous engageons \u00e0 vous r\u00e9pondre sous 48 heures !<\/p>\t\t\t\t\t\t\t\t<\/div>\n\t\t\t\t<\/div>\n\t\t<div class=\"elementor-element elementor-element-20a03a5 e-con-full elementor-hidden-desktop elementor-hidden-tablet elementor-hidden-mobile e-flex wpr-particle-no wpr-jarallax-no wpr-parallax-no wpr-sticky-section-no wpr-equal-height-no e-con e-child\" data-id=\"20a03a5\" data-element_type=\"container\" data-e-type=\"container\">\n\t\t\t\t<div class=\"elementor-element elementor-element-7a67aeb wpr-step-type-none wpr-custom-styles-yes elementor-widget elementor-widget-wpr-form-builder\" data-id=\"7a67aeb\" data-element_type=\"widget\" data-e-type=\"widget\" data-settings=\"{&quot;button_width&quot;:{&quot;unit&quot;:&quot;%&quot;,&quot;size&quot;:35,&quot;sizes&quot;:[]},&quot;success_message&quot;:&quot;Votre envoi a bien \\u00e9t\\u00e9 effectu\\u00e9, nous revenons vers vous le plus rapidement possible.&quot;,&quot;error_message&quot;:&quot;Echec de l&#039;envoi.&quot;,&quot;step_type&quot;:&quot;none&quot;,&quot;button_width_tablet&quot;:{&quot;unit&quot;:&quot;px&quot;,&quot;size&quot;:&quot;&quot;,&quot;sizes&quot;:[]},&quot;button_width_mobile&quot;:{&quot;unit&quot;:&quot;px&quot;,&quot;size&quot;:&quot;&quot;,&quot;sizes&quot;:[]}}\" data-widget_type=\"wpr-form-builder.default\">\n\t\t\t\t<div class=\"elementor-widget-container\">\n\t\t\t\t\t\t\t<form class=\"wpr-form\" method=\"post\" name=\"Formulaire de contact - RA\" page=\"Contact\" page_id=\"2116\" novalidate>\n\t\t\t<input type=\"hidden\" name=\"post_id\" value=\"2116\"\/>\n\t\t\t<input type=\"hidden\" name=\"form_id\" value=\"7a67aeb\"\/>\n\t\t\t<input type=\"hidden\" name=\"referer_title\" value=\"The Swarm\" \/>\n\n\t\t\t<div class=\"wpr-step-wrap\"><\/div>\n\t\t\t<div class=\"wpr-form-fields-wrap wpr-labels-above\">\n\t\t\t\t\t\t\t\t\t<div class=\"wpr-form-field-type-email wpr-field-group wpr-column wpr-field-group-email elementor-repeater-item-9f74134 wpr-form-field-required wpr-required-mark\">\n\t\t\t\t\t\t\t\t\t\t\t\t\t\t<label for=\"form-field-email\" class=\"wpr-form-field-label\" data-alt-label=\"E-mail\">\n\t\t\t\t\t\t\t\t\tE-mail\t\t\t\t\t\t\t\t<\/label>\n\t\t\t\t\t\t\t<input size=\"1 \"type=\"email\" name=\"form_fields[email]\" id=\"form-field-email\" class=\"wpr-form-field  wpr-form-field-textual\" placeholder=\"bernard.dupont@gmail.com\" required=\"required\" aria-required=\"true\">\t\t\t\t\t<\/div>\n\t\t\t\t\t\t\t\t\t<div class=\"wpr-form-field-type-textarea wpr-field-group wpr-column wpr-field-group-message elementor-repeater-item-9977d08 wpr-form-field-required wpr-required-mark\">\n\t\t\t\t\t\t\t\t\t\t\t\t\t\t<label for=\"form-field-message\" class=\"wpr-form-field-label\" data-alt-label=\"Message\">\n\t\t\t\t\t\t\t\t\tMessage\t\t\t\t\t\t\t\t<\/label>\n\t\t\t\t\t\t\t<textarea class=\"wpr-form-field-textual wpr-form-field \" name=\"form_fields[message]\" id=\"form-field-message\" rows=\"4\" required=\"required\" aria-required=\"true\"><\/textarea>\t\t\t\t\t<\/div>\n\t\t\t\t\t\t\t\t\t<div class=\"wpr-form-field-type-recaptcha-v2 wpr-field-group wpr-column wpr-field-group-aeb65f4 elementor-repeater-item-aeb65f4\">\n\t\t\t\t\t\t<div class=\"wpr-recaptcha-v2-wrap\"><div id=\"wpr-recaptcha-v2-7a67aeb-2\" class=\"wpr-recaptcha-v2-container\" data-sitekey=\"6LeKjI4sAAAAAHkye6fyrxYEDumKxNzDFxdv1ydd\" data-size=\"normal\" data-theme=\"light\"><\/div><\/div>\t\t\t\t\t<\/div>\n\t\t\t\t<div class=\"wpr-field-group wpr-stp-btns-wrap wpr-column wpr-form-field-type-submit\" data-actions=\"[&quot;email&quot;]\" data-redirect-url=\"\" data-mailchimp-fields=\"{&quot;email_field&quot;:&quot;&quot;,&quot;first_name_field&quot;:&quot;&quot;,&quot;last_name_field&quot;:&quot;&quot;,&quot;address_field&quot;:&quot;&quot;,&quot;phone_field&quot;:&quot;&quot;,&quot;birthday_field&quot;:&quot;&quot;,&quot;group_id&quot;:&quot;&quot;}\" data-list-id=\"\">\t\t\t<button type=\"submit\" class=\"wpr-button\">\n\t\t\t\t<span >\n\t\t\t\t\t\t\t\t\t\t\t\t\t\t\t\t<span>Envoyer<\/span>\n\t\t\t\t\t\t\t\t\t\t\t\t\t\t<\/span>\t\n\t\t\t\t<div class=\"wpr-double-bounce wpr-loader-hidden\">\n\t\t\t\t\t<div class=\"wpr-child wpr-double-bounce1\"><\/div>\n\t\t\t\t\t<div class=\"wpr-child wpr-double-bounce2\"><\/div>\n\t\t\t\t<\/div>\n\t\t\t<\/button>\n\t\t<\/div>\t\t\t\t\n\t\t\t<\/div>\n\t\t<\/form>\n\t  \t\t\t\t<\/div>\n\t\t\t\t<\/div>\n\t\t\t\t<\/div>\n\t\t\t\t<\/div>\n\t\t\t\t\t<\/div>\n\t\t\t\t<\/div>\n\t\t\t\t<section class=\"elementor-section elementor-top-section elementor-element elementor-element-551bee7e elementor-section-boxed elementor-section-height-default elementor-section-height-default wpr-particle-no wpr-jarallax-no wpr-parallax-no wpr-sticky-section-no wpr-equal-height-no\" data-id=\"551bee7e\" data-element_type=\"section\" data-e-type=\"section\">\n\t\t\t\t\t\t<div class=\"elementor-container elementor-column-gap-default\">\n\t\t\t\t\t\t<\/div>\n\t\t<\/section>\n\t\t\t\t<section class=\"elementor-section elementor-top-section elementor-element elementor-element-7052e8a3 elementor-section-boxed elementor-section-height-default elementor-section-height-default wpr-particle-no wpr-jarallax-no wpr-parallax-no wpr-sticky-section-no wpr-equal-height-no\" data-id=\"7052e8a3\" data-element_type=\"section\" data-e-type=\"section\">\n\t\t\t\t\t\t<div class=\"elementor-container elementor-column-gap-default\">\n\t\t\t\t\t\t<\/div>\n\t\t<\/section>\n\t\t<div class=\"elementor-element elementor-element-369946b e-flex e-con-boxed wpr-particle-no wpr-jarallax-no wpr-parallax-no wpr-sticky-section-no wpr-equal-height-no e-con e-parent\" data-id=\"369946b\" data-element_type=\"container\" data-e-type=\"container\">\n\t\t\t\t\t<div class=\"e-con-inner\">\n\t\t<div class=\"elementor-element elementor-element-8c6b0bb e-con-full e-flex wpr-particle-no wpr-jarallax-no wpr-parallax-no wpr-sticky-section-no wpr-equal-height-no e-con e-child\" data-id=\"8c6b0bb\" data-element_type=\"container\" data-e-type=\"container\">\n\t\t\t\t<div class=\"elementor-element elementor-element-93441d9 elementor-button-align-stretch elementor-widget elementor-widget-form\" data-id=\"93441d9\" data-element_type=\"widget\" data-e-type=\"widget\" data-settings=\"{&quot;button_width&quot;:&quot;20&quot;,&quot;step_next_label&quot;:&quot;Envoyer&quot;,&quot;step_previous_label&quot;:&quot;Pr\\u00e9c\\u00e9dent&quot;,&quot;step_type&quot;:&quot;number_text&quot;,&quot;step_icon_shape&quot;:&quot;circle&quot;}\" data-widget_type=\"form.default\">\n\t\t\t\t<div class=\"elementor-widget-container\">\n\t\t\t\t\t\t\t<form class=\"elementor-form\" method=\"post\" name=\"Nouveau formulaire\" aria-label=\"Nouveau formulaire\">\n\t\t\t<input type=\"hidden\" name=\"post_id\" value=\"2116\"\/>\n\t\t\t<input type=\"hidden\" name=\"form_id\" value=\"93441d9\"\/>\n\t\t\t<input type=\"hidden\" name=\"referer_title\" value=\"Contact - The Swarm\" \/>\n\n\t\t\t\t\t\t\t<input type=\"hidden\" name=\"queried_id\" value=\"2116\"\/>\n\t\t\t\n\t\t\t<div class=\"elementor-form-fields-wrapper elementor-labels-above\">\n\t\t\t\t\t\t\t\t<div class=\"elementor-field-type-text elementor-field-group elementor-column elementor-field-group-name elementor-col-100 elementor-field-required elementor-mark-required\">\n\t\t\t\t\t\t\t\t\t\t\t\t<label for=\"form-field-name\" class=\"elementor-field-label\">\n\t\t\t\t\t\t\t\tNom\t\t\t\t\t\t\t<\/label>\n\t\t\t\t\t\t\t\t\t\t\t\t\t\t<input size=\"1\" type=\"text\" name=\"form_fields[name]\" id=\"form-field-name\" class=\"elementor-field elementor-size-sm  elementor-field-textual\" placeholder=\"DUPONT\" required=\"required\">\n\t\t\t\t\t\t\t\t\t\t\t<\/div>\n\t\t\t\t\t\t\t\t<div class=\"elementor-field-type-email elementor-field-group elementor-column elementor-field-group-email elementor-col-100 elementor-field-required elementor-mark-required\">\n\t\t\t\t\t\t\t\t\t\t\t\t<label for=\"form-field-email\" class=\"elementor-field-label\">\n\t\t\t\t\t\t\t\tE-mail\t\t\t\t\t\t\t<\/label>\n\t\t\t\t\t\t\t\t\t\t\t\t\t\t<input size=\"1\" type=\"email\" name=\"form_fields[email]\" id=\"form-field-email\" class=\"elementor-field elementor-size-sm  elementor-field-textual\" placeholder=\"bernard.dupont@gmail.com\" required=\"required\">\n\t\t\t\t\t\t\t\t\t\t\t<\/div>\n\t\t\t\t\t\t\t\t<div class=\"elementor-field-type-textarea elementor-field-group elementor-column elementor-field-group-message elementor-col-100 elementor-field-required elementor-mark-required\">\n\t\t\t\t\t\t\t\t\t\t\t\t<label for=\"form-field-message\" class=\"elementor-field-label\">\n\t\t\t\t\t\t\t\tMessage\t\t\t\t\t\t\t<\/label>\n\t\t\t\t\t\t<textarea class=\"elementor-field-textual elementor-field  elementor-size-sm\" name=\"form_fields[message]\" id=\"form-field-message\" rows=\"4\" placeholder=\"Votre message\" required=\"required\"><\/textarea>\t\t\t\t<\/div>\n\t\t\t\t\t\t\t\t<div class=\"elementor-field-type-recaptcha elementor-field-group elementor-column elementor-field-group-field_82cbc75 elementor-col-100\">\n\t\t\t\t\t<div class=\"elementor-field\" id=\"form-field-field_82cbc75\"><div class=\"elementor-g-recaptcha\" data-sitekey=\"6LeKjI4sAAAAAHkye6fyrxYEDumKxNzDFxdv1ydd\" data-type=\"v2_checkbox\" data-theme=\"light\" data-size=\"normal\"><\/div><\/div>\t\t\t\t<\/div>\n\t\t\t\t\t\t\t\t<div class=\"elementor-field-group elementor-column elementor-field-type-submit elementor-col-20 e-form__buttons\">\n\t\t\t\t\t<button class=\"elementor-button elementor-size-sm\" type=\"submit\">\n\t\t\t\t\t\t<span class=\"elementor-button-content-wrapper\">\n\t\t\t\t\t\t\t\t\t\t\t\t\t\t\t\t\t\t\t\t\t\t<span class=\"elementor-button-text\">Envoyer<\/span>\n\t\t\t\t\t\t\t\t\t\t\t\t\t<\/span>\n\t\t\t\t\t<\/button>\n\t\t\t\t<\/div>\n\t\t\t<\/div>\n\t\t<\/form>\n\t\t\t\t\t\t<\/div>\n\t\t\t\t<\/div>\n\t\t\t\t<div class=\"elementor-element elementor-element-1ba705b elementor-widget elementor-widget-spacer\" data-id=\"1ba705b\" data-element_type=\"widget\" data-e-type=\"widget\" data-widget_type=\"spacer.default\">\n\t\t\t\t<div class=\"elementor-widget-container\">\n\t\t\t\t\t\t\t<div class=\"elementor-spacer\">\n\t\t\t<div class=\"elementor-spacer-inner\"><\/div>\n\t\t<\/div>\n\t\t\t\t\t\t<\/div>\n\t\t\t\t<\/div>\n\t\t\t\t<\/div>\n\t\t\t\t\t<\/div>\n\t\t\t\t<\/div>\n\t\t\t\t<\/div>\n\t\t","protected":false},"excerpt":{"rendered":"<p>Contact Vous souhaitez en savoir plus sur\u00a0la RSE au sein des \u00e9tablissements h\u00f4teliers\u00a0et sur les b\u00e9n\u00e9fices concrets que vous pouvez attendre ? Vous vous interrogez sur la mani\u00e8re dont nous pouvons vous accompagner dans la mise en \u0153uvre des certifications Ecolabel\u00a0europ\u00e9en ou Green Globe\u00a0dans votre h\u00f4tel ?\u00a0 Nous contacter \ud83d\udce9 Envoyez-nous un message via le formulaire ci-dessous et prenez rdv avec nous Nous nous engageons \u00e0 vous r\u00e9pondre sous 48 heures ! E-mail Message Envoyer<\/p>\n","protected":false},"author":7,"featured_media":3741,"parent":0,"menu_order":0,"comment_status":"closed","ping_status":"closed","template":"elementor_header_footer","meta":{"footnotes":""},"class_list":["post-2116","page","type-page","status-publish","has-post-thumbnail","hentry"],"yoast_head":"<!-- This site is optimized with the Yoast SEO plugin v27.5 - https:\/\/yoast.com\/product\/yoast-seo-wordpress\/ -->\n<title>Contact - The Swarm<\/title>\n<meta name=\"description\" content=\"Si vous avez des questions, des commentaires ou si vous souhaitez en savoir plus, n&#039;h\u00e9sitez pas \u00e0 nous contacter !\" \/>\n<meta name=\"robots\" content=\"index, follow, max-snippet:-1, max-image-preview:large, max-video-preview:-1\" \/>\n<link rel=\"canonical\" href=\"https:\/\/the-swarm.eu\/index.php\/contact\/\" \/>\n<meta property=\"og:locale\" content=\"fr_FR\" \/>\n<meta property=\"og:type\" content=\"article\" \/>\n<meta property=\"og:title\" content=\"Contact - The Swarm\" \/>\n<meta property=\"og:description\" content=\"Si vous avez des questions, des commentaires ou si vous souhaitez en savoir plus, n&#039;h\u00e9sitez pas \u00e0 nous contacter !\" \/>\n<meta property=\"og:url\" content=\"https:\/\/the-swarm.eu\/index.php\/contact\/\" \/>\n<meta property=\"og:site_name\" content=\"The Swarm\" \/>\n<meta property=\"article:modified_time\" content=\"2026-03-27T10:01:27+00:00\" \/>\n<meta property=\"og:image\" content=\"https:\/\/the-swarm.eu\/wp-content\/uploads\/2025\/04\/photo-equipe-swarm-2-2025.jpg\" \/>\n\t<meta property=\"og:image:width\" content=\"2222\" \/>\n\t<meta property=\"og:image:height\" content=\"1482\" \/>\n\t<meta property=\"og:image:type\" content=\"image\/jpeg\" \/>\n<meta name=\"twitter:card\" content=\"summary_large_image\" \/>\n<meta name=\"twitter:label1\" content=\"Dur\u00e9e de lecture estim\u00e9e\" \/>\n\t<meta name=\"twitter:data1\" content=\"1 minute\" \/>\n<script type=\"application\/ld+json\" class=\"yoast-schema-graph\">{\"@context\":\"https:\\\/\\\/schema.org\",\"@graph\":[{\"@type\":\"WebPage\",\"@id\":\"https:\\\/\\\/the-swarm.eu\\\/index.php\\\/contact\\\/\",\"url\":\"https:\\\/\\\/the-swarm.eu\\\/index.php\\\/contact\\\/\",\"name\":\"Contact - The Swarm\",\"isPartOf\":{\"@id\":\"https:\\\/\\\/the-swarm.eu\\\/#website\"},\"primaryImageOfPage\":{\"@id\":\"https:\\\/\\\/the-swarm.eu\\\/index.php\\\/contact\\\/#primaryimage\"},\"image\":{\"@id\":\"https:\\\/\\\/the-swarm.eu\\\/index.php\\\/contact\\\/#primaryimage\"},\"thumbnailUrl\":\"https:\\\/\\\/the-swarm.eu\\\/wp-content\\\/uploads\\\/2025\\\/04\\\/photo-equipe-swarm-2-2025.jpg\",\"datePublished\":\"2025-03-14T15:24:40+00:00\",\"dateModified\":\"2026-03-27T10:01:27+00:00\",\"description\":\"Si vous avez des questions, des commentaires ou si vous souhaitez en savoir plus, n'h\u00e9sitez pas \u00e0 nous contacter !\",\"breadcrumb\":{\"@id\":\"https:\\\/\\\/the-swarm.eu\\\/index.php\\\/contact\\\/#breadcrumb\"},\"inLanguage\":\"fr-FR\",\"potentialAction\":[{\"@type\":\"ReadAction\",\"target\":[\"https:\\\/\\\/the-swarm.eu\\\/index.php\\\/contact\\\/\"]}]},{\"@type\":\"ImageObject\",\"inLanguage\":\"fr-FR\",\"@id\":\"https:\\\/\\\/the-swarm.eu\\\/index.php\\\/contact\\\/#primaryimage\",\"url\":\"https:\\\/\\\/the-swarm.eu\\\/wp-content\\\/uploads\\\/2025\\\/04\\\/photo-equipe-swarm-2-2025.jpg\",\"contentUrl\":\"https:\\\/\\\/the-swarm.eu\\\/wp-content\\\/uploads\\\/2025\\\/04\\\/photo-equipe-swarm-2-2025.jpg\",\"width\":2222,\"height\":1482},{\"@type\":\"BreadcrumbList\",\"@id\":\"https:\\\/\\\/the-swarm.eu\\\/index.php\\\/contact\\\/#breadcrumb\",\"itemListElement\":[{\"@type\":\"ListItem\",\"position\":1,\"name\":\"Home\",\"item\":\"https:\\\/\\\/the-swarm.eu\\\/\"},{\"@type\":\"ListItem\",\"position\":2,\"name\":\"Contact\"}]},{\"@type\":\"WebSite\",\"@id\":\"https:\\\/\\\/the-swarm.eu\\\/#website\",\"url\":\"https:\\\/\\\/the-swarm.eu\\\/\",\"name\":\"The Swarm Initiative\",\"description\":\"Nous aidons les h\u00f4tels \u00e0 faire de la RSE une source de valeur et de sens\",\"publisher\":{\"@id\":\"https:\\\/\\\/the-swarm.eu\\\/#organization\"},\"potentialAction\":[{\"@type\":\"SearchAction\",\"target\":{\"@type\":\"EntryPoint\",\"urlTemplate\":\"https:\\\/\\\/the-swarm.eu\\\/?s={search_term_string}\"},\"query-input\":{\"@type\":\"PropertyValueSpecification\",\"valueRequired\":true,\"valueName\":\"search_term_string\"}}],\"inLanguage\":\"fr-FR\"},{\"@type\":\"Organization\",\"@id\":\"https:\\\/\\\/the-swarm.eu\\\/#organization\",\"name\":\"The Swarm Initiative\",\"url\":\"https:\\\/\\\/the-swarm.eu\\\/\",\"logo\":{\"@type\":\"ImageObject\",\"inLanguage\":\"fr-FR\",\"@id\":\"https:\\\/\\\/the-swarm.eu\\\/#\\\/schema\\\/logo\\\/image\\\/\",\"url\":\"https:\\\/\\\/the-swarm.eu\\\/wp-content\\\/uploads\\\/2024\\\/01\\\/cropped-green_logo_transparent_background_resized_big_bgwhite.png\",\"contentUrl\":\"https:\\\/\\\/the-swarm.eu\\\/wp-content\\\/uploads\\\/2024\\\/01\\\/cropped-green_logo_transparent_background_resized_big_bgwhite.png\",\"width\":512,\"height\":512,\"caption\":\"The Swarm Initiative\"},\"image\":{\"@id\":\"https:\\\/\\\/the-swarm.eu\\\/#\\\/schema\\\/logo\\\/image\\\/\"},\"sameAs\":[\"https:\\\/\\\/www.linkedin.com\\\/company\\\/79558868\\\/\"]}]}<\/script>\n<!-- \/ Yoast SEO plugin. -->","yoast_head_json":{"title":"Contact - The Swarm","description":"Si vous avez des questions, des commentaires ou si vous souhaitez en savoir plus, n'h\u00e9sitez pas \u00e0 nous contacter !","robots":{"index":"index","follow":"follow","max-snippet":"max-snippet:-1","max-image-preview":"max-image-preview:large","max-video-preview":"max-video-preview:-1"},"canonical":"https:\/\/the-swarm.eu\/index.php\/contact\/","og_locale":"fr_FR","og_type":"article","og_title":"Contact - The Swarm","og_description":"Si vous avez des questions, des commentaires ou si vous souhaitez en savoir plus, n'h\u00e9sitez pas \u00e0 nous contacter !","og_url":"https:\/\/the-swarm.eu\/index.php\/contact\/","og_site_name":"The Swarm","article_modified_time":"2026-03-27T10:01:27+00:00","og_image":[{"width":2222,"height":1482,"url":"https:\/\/the-swarm.eu\/wp-content\/uploads\/2025\/04\/photo-equipe-swarm-2-2025.jpg","type":"image\/jpeg"}],"twitter_card":"summary_large_image","twitter_misc":{"Dur\u00e9e de lecture estim\u00e9e":"1 minute"},"schema":{"@context":"https:\/\/schema.org","@graph":[{"@type":"WebPage","@id":"https:\/\/the-swarm.eu\/index.php\/contact\/","url":"https:\/\/the-swarm.eu\/index.php\/contact\/","name":"Contact - The Swarm","isPartOf":{"@id":"https:\/\/the-swarm.eu\/#website"},"primaryImageOfPage":{"@id":"https:\/\/the-swarm.eu\/index.php\/contact\/#primaryimage"},"image":{"@id":"https:\/\/the-swarm.eu\/index.php\/contact\/#primaryimage"},"thumbnailUrl":"https:\/\/the-swarm.eu\/wp-content\/uploads\/2025\/04\/photo-equipe-swarm-2-2025.jpg","datePublished":"2025-03-14T15:24:40+00:00","dateModified":"2026-03-27T10:01:27+00:00","description":"Si vous avez des questions, des commentaires ou si vous souhaitez en savoir plus, n'h\u00e9sitez pas \u00e0 nous contacter !","breadcrumb":{"@id":"https:\/\/the-swarm.eu\/index.php\/contact\/#breadcrumb"},"inLanguage":"fr-FR","potentialAction":[{"@type":"ReadAction","target":["https:\/\/the-swarm.eu\/index.php\/contact\/"]}]},{"@type":"ImageObject","inLanguage":"fr-FR","@id":"https:\/\/the-swarm.eu\/index.php\/contact\/#primaryimage","url":"https:\/\/the-swarm.eu\/wp-content\/uploads\/2025\/04\/photo-equipe-swarm-2-2025.jpg","contentUrl":"https:\/\/the-swarm.eu\/wp-content\/uploads\/2025\/04\/photo-equipe-swarm-2-2025.jpg","width":2222,"height":1482},{"@type":"BreadcrumbList","@id":"https:\/\/the-swarm.eu\/index.php\/contact\/#breadcrumb","itemListElement":[{"@type":"ListItem","position":1,"name":"Home","item":"https:\/\/the-swarm.eu\/"},{"@type":"ListItem","position":2,"name":"Contact"}]},{"@type":"WebSite","@id":"https:\/\/the-swarm.eu\/#website","url":"https:\/\/the-swarm.eu\/","name":"The Swarm Initiative","description":"Nous aidons les h\u00f4tels \u00e0 faire de la RSE une source de valeur et de sens","publisher":{"@id":"https:\/\/the-swarm.eu\/#organization"},"potentialAction":[{"@type":"SearchAction","target":{"@type":"EntryPoint","urlTemplate":"https:\/\/the-swarm.eu\/?s={search_term_string}"},"query-input":{"@type":"PropertyValueSpecification","valueRequired":true,"valueName":"search_term_string"}}],"inLanguage":"fr-FR"},{"@type":"Organization","@id":"https:\/\/the-swarm.eu\/#organization","name":"The Swarm Initiative","url":"https:\/\/the-swarm.eu\/","logo":{"@type":"ImageObject","inLanguage":"fr-FR","@id":"https:\/\/the-swarm.eu\/#\/schema\/logo\/image\/","url":"https:\/\/the-swarm.eu\/wp-content\/uploads\/2024\/01\/cropped-green_logo_transparent_background_resized_big_bgwhite.png","contentUrl":"https:\/\/the-swarm.eu\/wp-content\/uploads\/2024\/01\/cropped-green_logo_transparent_background_resized_big_bgwhite.png","width":512,"height":512,"caption":"The Swarm Initiative"},"image":{"@id":"https:\/\/the-swarm.eu\/#\/schema\/logo\/image\/"},"sameAs":["https:\/\/www.linkedin.com\/company\/79558868\/"]}]}},"jetpack_sharing_enabled":true,"_links":{"self":[{"href":"https:\/\/the-swarm.eu\/index.php\/wp-json\/wp\/v2\/pages\/2116","targetHints":{"allow":["GET"]}}],"collection":[{"href":"https:\/\/the-swarm.eu\/index.php\/wp-json\/wp\/v2\/pages"}],"about":[{"href":"https:\/\/the-swarm.eu\/index.php\/wp-json\/wp\/v2\/types\/page"}],"author":[{"embeddable":true,"href":"https:\/\/the-swarm.eu\/index.php\/wp-json\/wp\/v2\/users\/7"}],"replies":[{"embeddable":true,"href":"https:\/\/the-swarm.eu\/index.php\/wp-json\/wp\/v2\/comments?post=2116"}],"version-history":[{"count":224,"href":"https:\/\/the-swarm.eu\/index.php\/wp-json\/wp\/v2\/pages\/2116\/revisions"}],"predecessor-version":[{"id":7475,"href":"https:\/\/the-swarm.eu\/index.php\/wp-json\/wp\/v2\/pages\/2116\/revisions\/7475"}],"wp:featuredmedia":[{"embeddable":true,"href":"https:\/\/the-swarm.eu\/index.php\/wp-json\/wp\/v2\/media\/3741"}],"wp:attachment":[{"href":"https:\/\/the-swarm.eu\/index.php\/wp-json\/wp\/v2\/media?parent=2116"}],"curies":[{"name":"wp","href":"https:\/\/api.w.org\/{rel}","templated":true}]}}