{"id":2994,"date":"2025-04-16T08:34:58","date_gmt":"2025-04-16T08:34:58","guid":{"rendered":"https:\/\/the-swarm.eu\/?page_id=2994"},"modified":"2026-03-27T10:01:58","modified_gmt":"2026-03-27T10:01:58","slug":"impacts","status":"publish","type":"page","link":"https:\/\/the-swarm.eu\/index.php\/impacts\/","title":{"rendered":"Impacts"},"content":{"rendered":"\t\t<div data-elementor-type=\"wp-page\" data-elementor-id=\"2994\" class=\"elementor elementor-2994\" data-elementor-post-type=\"page\">\n\t\t\t\t\t\t<section class=\"elementor-section elementor-top-section elementor-element elementor-element-fea31ae elementor-section-height-min-height elementor-section-items-top elementor-section-boxed elementor-section-height-default wpr-particle-no wpr-jarallax-no wpr-parallax-no wpr-sticky-section-no wpr-equal-height-no\" data-id=\"fea31ae\" data-element_type=\"section\" data-e-type=\"section\" data-settings=\"{&quot;background_background&quot;:&quot;classic&quot;}\">\n\t\t\t\t\t\t\t<div class=\"elementor-background-overlay\"><\/div>\n\t\t\t\t\t\t\t<div class=\"elementor-container elementor-column-gap-no\">\n\t\t\t\t\t<div class=\"elementor-column elementor-col-100 elementor-top-column elementor-element elementor-element-763d657\" data-id=\"763d657\" data-element_type=\"column\" data-e-type=\"column\">\n\t\t\t<div class=\"elementor-widget-wrap elementor-element-populated\">\n\t\t\t\t\t\t<section class=\"elementor-section elementor-inner-section elementor-element elementor-element-c9f2eb5 elementor-section-full_width elementor-section-height-default elementor-section-height-default wpr-particle-no wpr-jarallax-no wpr-parallax-no wpr-sticky-section-no wpr-equal-height-no\" data-id=\"c9f2eb5\" data-element_type=\"section\" data-e-type=\"section\">\n\t\t\t\t\t\t<div class=\"elementor-container elementor-column-gap-no\">\n\t\t\t\t\t<div class=\"elementor-column elementor-col-100 elementor-inner-column elementor-element elementor-element-760aaa4\" data-id=\"760aaa4\" data-element_type=\"column\" data-e-type=\"column\">\n\t\t\t<div class=\"elementor-widget-wrap elementor-element-populated\">\n\t\t\t\t\t\t<div class=\"elementor-element elementor-element-fc4ef35 elementor-widget elementor-widget-heading\" data-id=\"fc4ef35\" data-element_type=\"widget\" data-e-type=\"widget\" data-widget_type=\"heading.default\">\n\t\t\t\t<div class=\"elementor-widget-container\">\n\t\t\t\t\t<h1 class=\"elementor-heading-title elementor-size-default\">Rapport d'impact 2024\u200b<\/h1>\t\t\t\t<\/div>\n\t\t\t\t<\/div>\n\t\t\t\t<div class=\"elementor-element elementor-element-71f0203 elementor-widget elementor-widget-text-editor\" data-id=\"71f0203\" data-element_type=\"widget\" data-e-type=\"widget\" data-widget_type=\"text-editor.default\">\n\t\t\t\t<div class=\"elementor-widget-container\">\n\t\t\t\t\t\t\t\t\t<p><span class=\"OYPEnA font-feature-liga-off font-feature-clig-off font-feature-calt-off text-decoration-none text-strikethrough-none\">Depuis le lancement de The Swarm, nous avons travaill\u00e9 sans rel\u00e2che pour mettre notre \u00e9nergie positive et nos comp\u00e9tences au service d&rsquo;un monde plus soutenable. Ce rapport d\u00e9taille nos r\u00e9alisations et leur impact sur les h\u00f4tels que nous accompagnons, ainsi que sur la soci\u00e9t\u00e9 et l\u2019environnement, au cours de l\u2019ann\u00e9e 2024.<\/span><\/p>\t\t\t\t\t\t\t\t<\/div>\n\t\t\t\t<\/div>\n\t\t\t\t<div class=\"elementor-element elementor-element-a0acca7 elementor-align-center elementor-widget elementor-widget-button\" data-id=\"a0acca7\" data-element_type=\"widget\" data-e-type=\"widget\" data-widget_type=\"button.default\">\n\t\t\t\t<div class=\"elementor-widget-container\">\n\t\t\t\t\t\t\t\t\t<div class=\"elementor-button-wrapper\">\n\t\t\t\t\t<a class=\"elementor-button elementor-button-link elementor-size-sm\" href=\"https:\/\/the-swarm.eu\/wp-content\/uploads\/2025\/09\/Rapport-d-impact-2024_The-Swarm-Initiative.pdf\" target=\"_blank\">\n\t\t\t\t\t\t<span class=\"elementor-button-content-wrapper\">\n\t\t\t\t\t\t\t\t\t<span class=\"elementor-button-text\">consulter notre rapport<\/span>\n\t\t\t\t\t<\/span>\n\t\t\t\t\t<\/a>\n\t\t\t\t<\/div>\n\t\t\t\t\t\t\t\t<\/div>\n\t\t\t\t<\/div>\n\t\t\t\t\t<\/div>\n\t\t<\/div>\n\t\t\t\t\t<\/div>\n\t\t<\/section>\n\t\t\t\t\t<\/div>\n\t\t<\/div>\n\t\t\t\t\t<\/div>\n\t\t<\/section>\n\t\t<div class=\"elementor-element elementor-element-8dfb103 e-flex e-con-boxed wpr-particle-no wpr-jarallax-no wpr-parallax-no wpr-sticky-section-no wpr-equal-height-no e-con e-parent\" data-id=\"8dfb103\" data-element_type=\"container\" data-e-type=\"container\" data-settings=\"{&quot;background_background&quot;:&quot;classic&quot;}\">\n\t\t\t\t\t<div class=\"e-con-inner\">\n\t\t\t\t<div class=\"elementor-element elementor-element-b3d9997 elementor-widget elementor-widget-shortcode\" data-id=\"b3d9997\" data-element_type=\"widget\" data-e-type=\"widget\" data-widget_type=\"shortcode.default\">\n\t\t\t\t<div class=\"elementor-widget-container\">\n\t\t\t\t\t\t\t<div class=\"elementor-shortcode\"><div id=\"ecoindex-badge\"><\/div>\n<script src=\"https:\/\/cdn.jsdelivr.net\/gh\/cnumr\/ecoindex_badge@3\/assets\/js\/ecoindex-badge.js\" defer><\/script><\/div>\n\t\t\t\t\t\t<\/div>\n\t\t\t\t<\/div>\n\t\t\t\t<div class=\"elementor-element elementor-element-238aea4 elementor-widget elementor-widget-spacer\" data-id=\"238aea4\" data-element_type=\"widget\" data-e-type=\"widget\" data-widget_type=\"spacer.default\">\n\t\t\t\t<div class=\"elementor-widget-container\">\n\t\t\t\t\t\t\t<div class=\"elementor-spacer\">\n\t\t\t<div class=\"elementor-spacer-inner\"><\/div>\n\t\t<\/div>\n\t\t\t\t\t\t<\/div>\n\t\t\t\t<\/div>\n\t\t\t\t\t<\/div>\n\t\t\t\t<\/div>\n\t\t\t\t<\/div>\n\t\t","protected":false},"excerpt":{"rendered":"<p>Rapport d&rsquo;impact 2024\u200b Depuis le lancement de The Swarm, nous avons travaill\u00e9 sans rel\u00e2che pour mettre notre \u00e9nergie positive et nos comp\u00e9tences au service d&rsquo;un monde plus soutenable. Ce rapport d\u00e9taille nos r\u00e9alisations et leur impact sur les h\u00f4tels que nous accompagnons, ainsi que sur la soci\u00e9t\u00e9 et l\u2019environnement, au cours de l\u2019ann\u00e9e 2024. consulter notre rapport<\/p>\n","protected":false},"author":7,"featured_media":2901,"parent":0,"menu_order":0,"comment_status":"closed","ping_status":"closed","template":"elementor_header_footer","meta":{"footnotes":""},"class_list":["post-2994","page","type-page","status-publish","has-post-thumbnail","hentry"],"yoast_head":"<!-- This site is optimized with the Yoast SEO plugin v27.5 - https:\/\/yoast.com\/product\/yoast-seo-wordpress\/ -->\n<title>Impacts - The Swarm<\/title>\n<meta name=\"description\" content=\"Ce rapport d&#039;impacts d\u00e9taille nos r\u00e9alisations et notre impact sur la soci\u00e9t\u00e9 et l\u2019environnement au cours de l\u2019ann\u00e9e 2023.\" \/>\n<meta name=\"robots\" content=\"index, follow, max-snippet:-1, max-image-preview:large, max-video-preview:-1\" \/>\n<link rel=\"canonical\" href=\"https:\/\/the-swarm.eu\/index.php\/impacts\/\" \/>\n<meta property=\"og:locale\" content=\"fr_FR\" \/>\n<meta property=\"og:type\" content=\"article\" \/>\n<meta property=\"og:title\" content=\"Impacts - The Swarm\" \/>\n<meta property=\"og:description\" content=\"Ce rapport d&#039;impacts d\u00e9taille nos r\u00e9alisations et notre impact sur la soci\u00e9t\u00e9 et l\u2019environnement au cours de l\u2019ann\u00e9e 2023.\" \/>\n<meta property=\"og:url\" content=\"https:\/\/the-swarm.eu\/index.php\/impacts\/\" \/>\n<meta property=\"og:site_name\" content=\"The Swarm\" \/>\n<meta property=\"article:modified_time\" content=\"2026-03-27T10:01:58+00:00\" \/>\n<meta property=\"og:image\" content=\"https:\/\/the-swarm.eu\/wp-content\/uploads\/2025\/03\/engagement-developpement-durable-social-societal-swarm.png\" \/>\n\t<meta property=\"og:image:width\" content=\"1215\" \/>\n\t<meta property=\"og:image:height\" content=\"810\" \/>\n\t<meta property=\"og:image:type\" content=\"image\/png\" \/>\n<meta name=\"twitter:card\" content=\"summary_large_image\" \/>\n<meta name=\"twitter:label1\" content=\"Dur\u00e9e de lecture estim\u00e9e\" \/>\n\t<meta name=\"twitter:data1\" content=\"1 minute\" \/>\n<script type=\"application\/ld+json\" class=\"yoast-schema-graph\">{\"@context\":\"https:\\\/\\\/schema.org\",\"@graph\":[{\"@type\":\"WebPage\",\"@id\":\"https:\\\/\\\/the-swarm.eu\\\/index.php\\\/impacts\\\/\",\"url\":\"https:\\\/\\\/the-swarm.eu\\\/index.php\\\/impacts\\\/\",\"name\":\"Impacts - The Swarm\",\"isPartOf\":{\"@id\":\"https:\\\/\\\/the-swarm.eu\\\/#website\"},\"primaryImageOfPage\":{\"@id\":\"https:\\\/\\\/the-swarm.eu\\\/index.php\\\/impacts\\\/#primaryimage\"},\"image\":{\"@id\":\"https:\\\/\\\/the-swarm.eu\\\/index.php\\\/impacts\\\/#primaryimage\"},\"thumbnailUrl\":\"https:\\\/\\\/the-swarm.eu\\\/wp-content\\\/uploads\\\/2025\\\/03\\\/engagement-developpement-durable-social-societal-swarm.png\",\"datePublished\":\"2025-04-16T08:34:58+00:00\",\"dateModified\":\"2026-03-27T10:01:58+00:00\",\"description\":\"Ce rapport d'impacts d\u00e9taille nos r\u00e9alisations et notre impact sur la soci\u00e9t\u00e9 et l\u2019environnement au cours de l\u2019ann\u00e9e 2023.\",\"breadcrumb\":{\"@id\":\"https:\\\/\\\/the-swarm.eu\\\/index.php\\\/impacts\\\/#breadcrumb\"},\"inLanguage\":\"fr-FR\",\"potentialAction\":[{\"@type\":\"ReadAction\",\"target\":[\"https:\\\/\\\/the-swarm.eu\\\/index.php\\\/impacts\\\/\"]}]},{\"@type\":\"ImageObject\",\"inLanguage\":\"fr-FR\",\"@id\":\"https:\\\/\\\/the-swarm.eu\\\/index.php\\\/impacts\\\/#primaryimage\",\"url\":\"https:\\\/\\\/the-swarm.eu\\\/wp-content\\\/uploads\\\/2025\\\/03\\\/engagement-developpement-durable-social-societal-swarm.png\",\"contentUrl\":\"https:\\\/\\\/the-swarm.eu\\\/wp-content\\\/uploads\\\/2025\\\/03\\\/engagement-developpement-durable-social-societal-swarm.png\",\"width\":1215,\"height\":810},{\"@type\":\"BreadcrumbList\",\"@id\":\"https:\\\/\\\/the-swarm.eu\\\/index.php\\\/impacts\\\/#breadcrumb\",\"itemListElement\":[{\"@type\":\"ListItem\",\"position\":1,\"name\":\"Home\",\"item\":\"https:\\\/\\\/the-swarm.eu\\\/\"},{\"@type\":\"ListItem\",\"position\":2,\"name\":\"Impacts\"}]},{\"@type\":\"WebSite\",\"@id\":\"https:\\\/\\\/the-swarm.eu\\\/#website\",\"url\":\"https:\\\/\\\/the-swarm.eu\\\/\",\"name\":\"The Swarm Initiative\",\"description\":\"Nous aidons les h\u00f4tels \u00e0 faire de la RSE une source de valeur et de sens\",\"publisher\":{\"@id\":\"https:\\\/\\\/the-swarm.eu\\\/#organization\"},\"potentialAction\":[{\"@type\":\"SearchAction\",\"target\":{\"@type\":\"EntryPoint\",\"urlTemplate\":\"https:\\\/\\\/the-swarm.eu\\\/?s={search_term_string}\"},\"query-input\":{\"@type\":\"PropertyValueSpecification\",\"valueRequired\":true,\"valueName\":\"search_term_string\"}}],\"inLanguage\":\"fr-FR\"},{\"@type\":\"Organization\",\"@id\":\"https:\\\/\\\/the-swarm.eu\\\/#organization\",\"name\":\"The Swarm Initiative\",\"url\":\"https:\\\/\\\/the-swarm.eu\\\/\",\"logo\":{\"@type\":\"ImageObject\",\"inLanguage\":\"fr-FR\",\"@id\":\"https:\\\/\\\/the-swarm.eu\\\/#\\\/schema\\\/logo\\\/image\\\/\",\"url\":\"https:\\\/\\\/the-swarm.eu\\\/wp-content\\\/uploads\\\/2024\\\/01\\\/cropped-green_logo_transparent_background_resized_big_bgwhite.png\",\"contentUrl\":\"https:\\\/\\\/the-swarm.eu\\\/wp-content\\\/uploads\\\/2024\\\/01\\\/cropped-green_logo_transparent_background_resized_big_bgwhite.png\",\"width\":512,\"height\":512,\"caption\":\"The Swarm Initiative\"},\"image\":{\"@id\":\"https:\\\/\\\/the-swarm.eu\\\/#\\\/schema\\\/logo\\\/image\\\/\"},\"sameAs\":[\"https:\\\/\\\/www.linkedin.com\\\/company\\\/79558868\\\/\"]}]}<\/script>\n<!-- \/ Yoast SEO plugin. -->","yoast_head_json":{"title":"Impacts - The Swarm","description":"Ce rapport d'impacts d\u00e9taille nos r\u00e9alisations et notre impact sur la soci\u00e9t\u00e9 et l\u2019environnement au cours de l\u2019ann\u00e9e 2023.","robots":{"index":"index","follow":"follow","max-snippet":"max-snippet:-1","max-image-preview":"max-image-preview:large","max-video-preview":"max-video-preview:-1"},"canonical":"https:\/\/the-swarm.eu\/index.php\/impacts\/","og_locale":"fr_FR","og_type":"article","og_title":"Impacts - The Swarm","og_description":"Ce rapport d'impacts d\u00e9taille nos r\u00e9alisations et notre impact sur la soci\u00e9t\u00e9 et l\u2019environnement au cours de l\u2019ann\u00e9e 2023.","og_url":"https:\/\/the-swarm.eu\/index.php\/impacts\/","og_site_name":"The Swarm","article_modified_time":"2026-03-27T10:01:58+00:00","og_image":[{"width":1215,"height":810,"url":"https:\/\/the-swarm.eu\/wp-content\/uploads\/2025\/03\/engagement-developpement-durable-social-societal-swarm.png","type":"image\/png"}],"twitter_card":"summary_large_image","twitter_misc":{"Dur\u00e9e de lecture estim\u00e9e":"1 minute"},"schema":{"@context":"https:\/\/schema.org","@graph":[{"@type":"WebPage","@id":"https:\/\/the-swarm.eu\/index.php\/impacts\/","url":"https:\/\/the-swarm.eu\/index.php\/impacts\/","name":"Impacts - The Swarm","isPartOf":{"@id":"https:\/\/the-swarm.eu\/#website"},"primaryImageOfPage":{"@id":"https:\/\/the-swarm.eu\/index.php\/impacts\/#primaryimage"},"image":{"@id":"https:\/\/the-swarm.eu\/index.php\/impacts\/#primaryimage"},"thumbnailUrl":"https:\/\/the-swarm.eu\/wp-content\/uploads\/2025\/03\/engagement-developpement-durable-social-societal-swarm.png","datePublished":"2025-04-16T08:34:58+00:00","dateModified":"2026-03-27T10:01:58+00:00","description":"Ce rapport d'impacts d\u00e9taille nos r\u00e9alisations et notre impact sur la soci\u00e9t\u00e9 et l\u2019environnement au cours de l\u2019ann\u00e9e 2023.","breadcrumb":{"@id":"https:\/\/the-swarm.eu\/index.php\/impacts\/#breadcrumb"},"inLanguage":"fr-FR","potentialAction":[{"@type":"ReadAction","target":["https:\/\/the-swarm.eu\/index.php\/impacts\/"]}]},{"@type":"ImageObject","inLanguage":"fr-FR","@id":"https:\/\/the-swarm.eu\/index.php\/impacts\/#primaryimage","url":"https:\/\/the-swarm.eu\/wp-content\/uploads\/2025\/03\/engagement-developpement-durable-social-societal-swarm.png","contentUrl":"https:\/\/the-swarm.eu\/wp-content\/uploads\/2025\/03\/engagement-developpement-durable-social-societal-swarm.png","width":1215,"height":810},{"@type":"BreadcrumbList","@id":"https:\/\/the-swarm.eu\/index.php\/impacts\/#breadcrumb","itemListElement":[{"@type":"ListItem","position":1,"name":"Home","item":"https:\/\/the-swarm.eu\/"},{"@type":"ListItem","position":2,"name":"Impacts"}]},{"@type":"WebSite","@id":"https:\/\/the-swarm.eu\/#website","url":"https:\/\/the-swarm.eu\/","name":"The Swarm Initiative","description":"Nous aidons les h\u00f4tels \u00e0 faire de la RSE une source de valeur et de sens","publisher":{"@id":"https:\/\/the-swarm.eu\/#organization"},"potentialAction":[{"@type":"SearchAction","target":{"@type":"EntryPoint","urlTemplate":"https:\/\/the-swarm.eu\/?s={search_term_string}"},"query-input":{"@type":"PropertyValueSpecification","valueRequired":true,"valueName":"search_term_string"}}],"inLanguage":"fr-FR"},{"@type":"Organization","@id":"https:\/\/the-swarm.eu\/#organization","name":"The Swarm Initiative","url":"https:\/\/the-swarm.eu\/","logo":{"@type":"ImageObject","inLanguage":"fr-FR","@id":"https:\/\/the-swarm.eu\/#\/schema\/logo\/image\/","url":"https:\/\/the-swarm.eu\/wp-content\/uploads\/2024\/01\/cropped-green_logo_transparent_background_resized_big_bgwhite.png","contentUrl":"https:\/\/the-swarm.eu\/wp-content\/uploads\/2024\/01\/cropped-green_logo_transparent_background_resized_big_bgwhite.png","width":512,"height":512,"caption":"The Swarm Initiative"},"image":{"@id":"https:\/\/the-swarm.eu\/#\/schema\/logo\/image\/"},"sameAs":["https:\/\/www.linkedin.com\/company\/79558868\/"]}]}},"jetpack_sharing_enabled":true,"_links":{"self":[{"href":"https:\/\/the-swarm.eu\/index.php\/wp-json\/wp\/v2\/pages\/2994","targetHints":{"allow":["GET"]}}],"collection":[{"href":"https:\/\/the-swarm.eu\/index.php\/wp-json\/wp\/v2\/pages"}],"about":[{"href":"https:\/\/the-swarm.eu\/index.php\/wp-json\/wp\/v2\/types\/page"}],"author":[{"embeddable":true,"href":"https:\/\/the-swarm.eu\/index.php\/wp-json\/wp\/v2\/users\/7"}],"replies":[{"embeddable":true,"href":"https:\/\/the-swarm.eu\/index.php\/wp-json\/wp\/v2\/comments?post=2994"}],"version-history":[{"count":238,"href":"https:\/\/the-swarm.eu\/index.php\/wp-json\/wp\/v2\/pages\/2994\/revisions"}],"predecessor-version":[{"id":7478,"href":"https:\/\/the-swarm.eu\/index.php\/wp-json\/wp\/v2\/pages\/2994\/revisions\/7478"}],"wp:featuredmedia":[{"embeddable":true,"href":"https:\/\/the-swarm.eu\/index.php\/wp-json\/wp\/v2\/media\/2901"}],"wp:attachment":[{"href":"https:\/\/the-swarm.eu\/index.php\/wp-json\/wp\/v2\/media?parent=2994"}],"curies":[{"name":"wp","href":"https:\/\/api.w.org\/{rel}","templated":true}]}}